{"id":1,"date":"2019-10-24T13:04:09","date_gmt":"2019-10-24T13:04:09","guid":{"rendered":"https:\/\/missb.yunivo.com\/?page_id=1"},"modified":"2025-08-24T18:29:56","modified_gmt":"2025-08-24T18:29:56","slug":"home","status":"publish","type":"page","link":"https:\/\/missb.yunivo.com\/","title":{"rendered":"Home"},"content":{"rendered":"<ul>\n<li>\n<p>        <img decoding=\"async\" src=\"\/wp-content\/uploads\/2025\/08\/Wireframe-1-1.png\" alt=\"\"><\/p>\n<h3>V\u00fccut F\u0131r\u00e7as\u0131<\/h3>\n<p>Tamamen Organik<\/p>\n<p><a href=\"#\">\u00dcr\u00fcn\u00fc \u0130ncele<\/a><\/p>\n<\/li>\n<li>\n<p>        <img decoding=\"async\" src=\"\/wp-content\/uploads\/2025\/08\/Wireframe-1-1.png\" alt=\"\"><\/p>\n<h3>V\u00fccut F\u0131r\u00e7as\u0131<\/h3>\n<p>100% Do\u011fal<\/p>\n<p><a href=\"#\">\u00dcr\u00fcn\u00fc \u0130ncele<\/a><\/p>\n<\/li>\n<\/ul>\n<h2>3 Ad\u0131mda G\u00fcvenli Al\u0131\u015fveri\u015f<\/h2>\n<div>\n<p data-start=\"130\" data-end=\"293\">Al\u0131\u015fveri\u015f s\u00fcrecinizi kolay, h\u0131zl\u0131 ve g\u00fcvenli hale getirdik. \u00dcr\u00fcn\u00fcn\u00fcz\u00fc se\u00e7in, iyzico altyap\u0131s\u0131yla g\u00fcvenle \u00f6deyin ve sipari\u015finizi k\u0131sa s\u00fcrede kap\u0131n\u0131za teslim al\u0131n.<\/p>\n<\/div>\n<ul>\n<li>\n<p>        <img decoding=\"async\" src=\"\/wp-content\/uploads\/yootheme\/icon-search-decoration.svg\" alt=\"\"><\/p>\n<h3>\u00dcr\u00fcn\u00fc Se\u00e7in<\/h3>\n<div>\n<p>\u00dcr\u00fcnlerimiz aras\u0131ndan ihtiyac\u0131n\u0131za en uygun olan\u0131 kolayca se\u00e7in. Detayl\u0131 a\u00e7\u0131klamalar ve g\u00f6rseller sayesinde g\u00fcvenle al\u0131\u015fveri\u015f yap\u0131n.<\/p>\n<\/div>\n<\/li>\n<li>\n<p>        <img decoding=\"async\" src=\"\/wp-content\/uploads\/yootheme\/icon-package-decoration.svg\" alt=\"\"><\/p>\n<h3>\u0130yzico ile G\u00fcvenli \u00d6deme<\/h3>\n<div>\n<p>Se\u00e7ti\u011finiz \u00fcr\u00fcn\u00fc <strong data-start=\"310\" data-end=\"330\">iyzico altyap\u0131s\u0131<\/strong> ile h\u0131zl\u0131 ve g\u00fcvenli \u015fekilde \u00f6deyin. Kredi kart\u0131, banka kart\u0131 veya farkl\u0131 \u00f6deme se\u00e7eneklerinden diledi\u011finizi kullanabilirsiniz.<\/p>\n<\/div>\n<\/li>\n<li>\n<p>        <img decoding=\"async\" src=\"\/wp-content\/uploads\/yootheme\/icon-truck-decoration.svg\" alt=\"\"><\/p>\n<h3>H\u0131zl\u0131 Kargo ile Teslimat<\/h3>\n<div>\n<p>Sipari\u015finiz \u00f6zenle haz\u0131rlan\u0131r ve g\u00fcvenilir kargo firmalar\u0131yla en k\u0131sa s\u00fcrede adresinize ula\u015ft\u0131r\u0131l\u0131r. Teslimat s\u00fcrecini anl\u0131k olarak takip edebilirsiniz.<\/p>\n<\/div>\n<\/li>\n<\/ul>\n<p><!--more--><br \/>\n<!-- {\"type\":\"layout\",\"children\":[{\"type\":\"section\",\"props\":{\"image_position\":\"center-center\",\"padding\":\"none\",\"padding_remove_top\":false,\"style\":\"default\",\"title_breakpoint\":\"xl\",\"title_position\":\"top-left\",\"title_rotation\":\"left\",\"vertical_align\":\"\",\"width\":\"\"},\"children\":[{\"type\":\"row\",\"children\":[{\"type\":\"column\",\"children\":[{\"type\":\"woo_notices\"}],\"props\":{\"image_position\":\"center-center\",\"position_sticky_breakpoint\":\"m\"}}]},{\"type\":\"row\",\"props\":{\"margin\":\"remove-vertical\",\"margin_remove_bottom\":false,\"padding_remove_horizontal\":true,\"width\":\"xlarge\"},\"children\":[{\"type\":\"column\",\"props\":{\"image_position\":\"center-center\",\"position_sticky_breakpoint\":\"m\",\"width_medium\":\"1-1\"},\"children\":[{\"type\":\"slideshow\",\"props\":{\"content_style\":\"heading-large\",\"css\":\".el-title{\\n\\tcolor:#CE4589;\\n}\\n.el-meta{\\n\\tcolor:#F07EB7;\\n\\tfont-family:'Italianno';\\n\\tfont-weight:400;\\n}\",\"link_size\":\"large\",\"link_style\":\"primary\",\"link_text\":\"Read more\",\"margin\":\"default\",\"meta_align\":\"above-title\",\"meta_element\":\"div\",\"meta_style\":\"heading-medium\",\"nav\":\"dotnav\",\"nav_align\":\"center\",\"nav_breakpoint\":\"s\",\"nav_position\":\"bottom-center\",\"nav_position_margin\":\"medium\",\"overlay_animation\":\"parallax\",\"overlay_container\":\"default\",\"overlay_position\":\"center-left\",\"show_content\":true,\"show_link\":true,\"show_meta\":true,\"show_thumbnail\":true,\"show_title\":true,\"slidenav\":\"default\",\"slidenav_breakpoint\":\"s\",\"slidenav_margin\":\"medium\",\"slidenav_outside_breakpoint\":\"xl\",\"slideshow_animation\":\"scale\",\"slideshow_autoplay\":true,\"slideshow_autoplay_interval\":\"6\",\"slideshow_autoplay_pause\":true,\"slideshow_max_height\":\"650\",\"slideshow_min_height\":300,\"thumbnav_height\":\"75\",\"thumbnav_svg_color\":\"emphasis\",\"thumbnav_width\":\"100\",\"title_element\":\"h3\",\"title_hover_style\":\"reset\",\"title_margin\":\"remove\",\"title_style\":\"heading-large\"},\"children\":[{\"type\":\"slideshow_item\",\"props\":{\"content\":\"\",\"image\":\"wp-content\\\/uploads\\\/2025\\\/08\\\/Wireframe-1-1.png\",\"link\":\"#\",\"link_text\":\"\\u00dcr\\u00fcn\\u00fc \\u0130ncele\",\"meta\":\"Tamamen Organik\",\"title\":\"V\\u00fccut F\\u0131r\\u00e7as\\u0131\"}},{\"type\":\"slideshow_item\",\"props\":{\"content\":\"\",\"image\":\"wp-content\\\/uploads\\\/2025\\\/08\\\/Wireframe-1-1.png\",\"link\":\"#\",\"link_text\":\"\\u00dcr\\u00fcn\\u00fc \\u0130ncele\",\"meta\":\"100% Do\\u011fal\",\"title\":\"V\\u00fccut F\\u0131r\\u00e7as\\u0131\"}}]}]}]}],\"name\":\"Home\"},{\"type\":\"section\",\"props\":{\"image_position\":\"center-center\",\"style\":\"primary\",\"title_breakpoint\":\"xl\",\"title_position\":\"top-left\",\"title_rotation\":\"left\",\"vertical_align\":\"middle\",\"width\":\"default\"},\"children\":[{\"type\":\"row\",\"children\":[{\"type\":\"column\",\"props\":{\"image_position\":\"center-center\",\"position_sticky_breakpoint\":\"m\"},\"children\":[{\"type\":\"headline\",\"props\":{\"content\":\"3 Ad\\u0131mda G\\u00fcvenli Al\\u0131\\u015fveri\\u015f\",\"text_align\":\"center\",\"title_element\":\"h2\"}},{\"type\":\"text\",\"props\":{\"block_align\":\"center\",\"column_breakpoint\":\"m\",\"content\":\"\n\n<p data-start=\\\"130\\\" data-end=\\\"293\\\">Al\\u0131\\u015fveri\\u015f s\\u00fcrecinizi kolay, h\\u0131zl\\u0131 ve g\\u00fcvenli hale getirdik. \\u00dcr\\u00fcn\\u00fcn\\u00fcz\\u00fc se\\u00e7in, iyzico altyap\\u0131s\\u0131yla g\\u00fcvenle \\u00f6deyin ve sipari\\u015finizi k\\u0131sa s\\u00fcrede kap\\u0131n\\u0131za teslim al\\u0131n.<\\\/p>\",\"margin\":\"default\",\"maxwidth\":\"xlarge\",\"text_align\":\"center\"}},{\"type\":\"grid\",\"props\":{\"content_column_breakpoint\":\"m\",\"filter_align\":\"left\",\"filter_all\":true,\"filter_grid_breakpoint\":\"m\",\"filter_grid_width\":\"auto\",\"filter_position\":\"top\",\"filter_style\":\"tab\",\"grid_column_gap\":\"large\",\"grid_default\":\"1\",\"grid_divider\":true,\"grid_medium\":\"3\",\"grid_row_gap\":\"large\",\"icon_width\":80,\"image_align\":\"top\",\"image_grid_breakpoint\":\"m\",\"image_grid_width\":\"1-2\",\"image_svg_color\":\"emphasis\",\"image_svg_inline\":true,\"item_animation\":true,\"item_maxwidth\":\"medium\",\"lightbox_bg_close\":true,\"link_style\":\"default\",\"link_text\":\"Read more\",\"margin\":\"large\",\"meta_align\":\"below-title\",\"meta_element\":\"div\",\"meta_style\":\"text-meta\",\"parallax_easing\":\"1\",\"show_content\":true,\"show_hover_image\":true,\"show_hover_video\":true,\"show_image\":true,\"show_link\":true,\"show_meta\":true,\"show_title\":true,\"show_video\":true,\"text_align\":\"center\",\"title_align\":\"top\",\"title_element\":\"h3\",\"title_grid_breakpoint\":\"m\",\"title_grid_width\":\"1-2\",\"title_hover_style\":\"reset\"},\"children\":[{\"type\":\"grid_item\",\"props\":{\"content\":\"\n\n<p>\\u00dcr\\u00fcnlerimiz aras\\u0131ndan ihtiyac\\u0131n\\u0131za en uygun olan\\u0131 kolayca se\\u00e7in. Detayl\\u0131 a\\u00e7\\u0131klamalar ve g\\u00f6rseller sayesinde g\\u00fcvenle al\\u0131\\u015fveri\\u015f yap\\u0131n.<\\\/p>\",\"image\":\"wp-content\\\/uploads\\\/yootheme\\\/icon-search-decoration.svg\",\"title\":\"\\u00dcr\\u00fcn\\u00fc Se\\u00e7in\"}},{\"type\":\"grid_item\",\"props\":{\"content\":\"\n\n<p>Se\\u00e7ti\\u011finiz \\u00fcr\\u00fcn\\u00fc <strong data-start=\\\"310\\\" data-end=\\\"330\\\">iyzico altyap\\u0131s\\u0131<\\\/strong> ile h\\u0131zl\\u0131 ve g\\u00fcvenli \\u015fekilde \\u00f6deyin. Kredi kart\\u0131, banka kart\\u0131 veya farkl\\u0131 \\u00f6deme se\\u00e7eneklerinden diledi\\u011finizi kullanabilirsiniz.<\\\/p>\",\"image\":\"wp-content\\\/uploads\\\/yootheme\\\/icon-package-decoration.svg\",\"title\":\"\\u0130yzico ile G\\u00fcvenli \\u00d6deme\"}},{\"type\":\"grid_item\",\"props\":{\"content\":\"\n\n<p>Sipari\\u015finiz \\u00f6zenle haz\\u0131rlan\\u0131r ve g\\u00fcvenilir kargo firmalar\\u0131yla en k\\u0131sa s\\u00fcrede adresinize ula\\u015ft\\u0131r\\u0131l\\u0131r. Teslimat s\\u00fcrecini anl\\u0131k olarak takip edebilirsiniz.<\\\/p>\",\"image\":\"wp-content\\\/uploads\\\/yootheme\\\/icon-truck-decoration.svg\",\"title\":\"H\\u0131zl\\u0131 Kargo ile Teslimat\"}}]}]}]}]}],\"version\":\"4.5.24\"} --><\/p>\n","protected":false},"excerpt":{"rendered":"<p>V\u00fccut F\u0131r\u00e7as\u0131 Tamamen Organik \u00dcr\u00fcn\u00fc \u0130ncele V\u00fccut F\u0131r\u00e7as\u0131 100% Do\u011fal \u00dcr\u00fcn\u00fc \u0130ncele 3 Ad\u0131mda G\u00fcvenli Al\u0131\u015fveri\u015f Al\u0131\u015fveri\u015f s\u00fcrecinizi kolay, h\u0131zl\u0131 ve g\u00fcvenli hale getirdik. \u00dcr\u00fcn\u00fcn\u00fcz\u00fc se\u00e7in, iyzico altyap\u0131s\u0131yla g\u00fcvenle \u00f6deyin ve sipari\u015finizi k\u0131sa s\u00fcrede kap\u0131n\u0131za teslim al\u0131n. \u00dcr\u00fcn\u00fc Se\u00e7in \u00dcr\u00fcnlerimiz aras\u0131ndan ihtiyac\u0131n\u0131za en uygun olan\u0131 kolayca se\u00e7in. Detayl\u0131 a\u00e7\u0131klamalar ve g\u00f6rseller sayesinde g\u00fcvenle al\u0131\u015fveri\u015f yap\u0131n. [&hellip;]<\/p>\n","protected":false},"author":1,"featured_media":2000,"parent":0,"menu_order":4,"comment_status":"closed","ping_status":"closed","template":"","meta":{"_acf_changed":false,"footnotes":""},"class_list":["post-1","page","type-page","status-publish","has-post-thumbnail","hentry"],"acf":[],"_links":{"self":[{"href":"https:\/\/missb.yunivo.com\/index.php?rest_route=\/wp\/v2\/pages\/1","targetHints":{"allow":["GET"]}}],"collection":[{"href":"https:\/\/missb.yunivo.com\/index.php?rest_route=\/wp\/v2\/pages"}],"about":[{"href":"https:\/\/missb.yunivo.com\/index.php?rest_route=\/wp\/v2\/types\/page"}],"author":[{"embeddable":true,"href":"https:\/\/missb.yunivo.com\/index.php?rest_route=\/wp\/v2\/users\/1"}],"replies":[{"embeddable":true,"href":"https:\/\/missb.yunivo.com\/index.php?rest_route=%2Fwp%2Fv2%2Fcomments&post=1"}],"version-history":[{"count":17,"href":"https:\/\/missb.yunivo.com\/index.php?rest_route=\/wp\/v2\/pages\/1\/revisions"}],"predecessor-version":[{"id":2354,"href":"https:\/\/missb.yunivo.com\/index.php?rest_route=\/wp\/v2\/pages\/1\/revisions\/2354"}],"wp:featuredmedia":[{"embeddable":true,"href":"https:\/\/missb.yunivo.com\/index.php?rest_route=\/wp\/v2\/media\/2000"}],"wp:attachment":[{"href":"https:\/\/missb.yunivo.com\/index.php?rest_route=%2Fwp%2Fv2%2Fmedia&parent=1"}],"curies":[{"name":"wp","href":"https:\/\/api.w.org\/{rel}","templated":true}]}}